{"id":10,"date":"2021-04-21T07:30:59","date_gmt":"2021-04-21T05:30:59","guid":{"rendered":"https:\/\/gtsindustry.eu\/?page_id=10"},"modified":"2025-04-09T15:32:42","modified_gmt":"2025-04-09T13:32:42","slug":"co-vykupujeme","status":"publish","type":"page","link":"https:\/\/gtsindustry.eu\/cs\/co-vykupujeme\/","title":{"rendered":"Vykupovan\u00fd | materi\u00e1l"},"content":{"rendered":"\n<p>Vykupujeme r\u016fzn\u00e9 druhy n\u00e1\u0159ad\u00ed z karbidu wolframu zejm\u00e9na od partner\u016f z oblasti silni\u010dn\u00edch konstrukc\u00ed, budov\u00e1n\u00ed z\u00e1klad\u016f, t\u011b\u017eby a v\u00fdstavby tunel\u016f po cel\u00e9m sv\u011bt\u011b. Aktu\u00e1ln\u011b vykupujeme ji\u017e z 27 zem\u00ed sv\u011bta. Vykoupen\u00fd materi\u00e1l zpracov\u00e1v\u00e1me a recyklujeme ve vlastn\u00edch z\u00e1vodech v \u010cesk\u00e9 republice tak, aby se v podob\u011b \u010dist\u00fdch kov\u016f mohl op\u011bt vr\u00e1tit do v\u00fdroby nov\u00fdch stroj\u016f a za\u0159\u00edzen\u00ed. Jednozna\u010dn\u011b tak spolu s n\u00e1mi m\u016f\u017eete p\u0159isp\u00edvat ke sn\u00ed\u017een\u00ed ekologick\u00e9 z\u00e1t\u011b\u017ee souvisej\u00edc\u00ed s jejich dal\u0161\u00ed t\u011b\u017ebou.<\/p>\n\n\n\n<h2 class=\"wp-block-heading h1\">Kde vykupujeme<\/h2>\n\n\n\n<figure class=\"wp-block-gallery has-nested-images columns-default wp-block-gallery-1 is-layout-flex wp-block-gallery-is-layout-flex\">\n<figure class=\"wp-block-image size-large\"><a href=\"https:\/\/gtsindustry.eu\/wp-content\/uploads\/2021\/06\/mapa-2.jpg\"><img loading=\"lazy\" decoding=\"async\" width=\"600\" height=\"303\" data-id=\"672\" src=\"https:\/\/gtsindustry.eu\/wp-content\/uploads\/2021\/06\/mapa-2-600x303.jpg\" alt=\"\" class=\"wp-image-672\" srcset=\"https:\/\/gtsindustry.eu\/wp-content\/uploads\/2021\/06\/mapa-2-600x303.jpg 600w, https:\/\/gtsindustry.eu\/wp-content\/uploads\/2021\/06\/mapa-2-300x151.jpg 300w, https:\/\/gtsindustry.eu\/wp-content\/uploads\/2021\/06\/mapa-2-768x387.jpg 768w, https:\/\/gtsindustry.eu\/wp-content\/uploads\/2021\/06\/mapa-2-1536x774.jpg 1536w, https:\/\/gtsindustry.eu\/wp-content\/uploads\/2021\/06\/mapa-2.jpg 1785w\" sizes=\"auto, (max-width: 600px) 100vw, 600px\" \/><\/a><\/figure>\n<\/figure>\n\n\n\n<p>Materi\u00e1l pro recyklaci vykupujeme v 27 zem\u00edch sv\u011bta a svou celosv\u011btovou p\u016fsobnost neust\u00e1le roz\u0161i\u0159ujeme. V\u00e1\u0161 materi\u00e1l jsme schopni vyzvednout kdekoli na sv\u011bt\u011b.<\/p>\n\n\n\n<p class=\"mt-5 mb-5\"><a href=\"#poptavka\" class=\"btn btn-secondary btn-lg text-uppercase scroll-to\">Popt\u00e1vka v\u00fdkupn\u00ed ceny<\/a><\/p>\n\n\n\n<h2 class=\"wp-block-heading h1\">GTS Recycling program<\/h2>\n\n\n\n<p>Dlouhodob\u00fdm zapojen\u00edm do recykla\u010dn\u00edho programu GTS:<\/p>\n\n\n\n<ul class=\"wp-block-list\">\n<li>p\u0159isp\u011bjete k ochran\u011b \u017eivotn\u00edho prost\u0159ed\u00ed<\/li>\n\n\n\n<li>z\u00edsk\u00e1te nejvy\u0161\u0161\u00ed mo\u017enou hodnotu za v\u00e1\u0161 odpadov\u00fd materi\u00e1l<\/li>\n\n\n\n<li>nemus\u00edte se o nic starat, odvoz materi\u00e1lu a vy\u0159\u00edzen\u00ed v\u0161ech formalit zajist\u00edme my<\/li>\n<\/ul>\n\n\n\n<figure class=\"wp-block-gallery has-nested-images columns-default wp-block-gallery-2 is-layout-flex wp-block-gallery-is-layout-flex\">\n<figure class=\"wp-block-image size-large\"><a href=\"https:\/\/gtsindustry.eu\/wp-content\/uploads\/2021\/07\/GTS-Buy-Back-Scheme-web-cz.jpg\"><img loading=\"lazy\" decoding=\"async\" width=\"600\" height=\"490\" data-id=\"786\" src=\"https:\/\/gtsindustry.eu\/wp-content\/uploads\/2021\/07\/GTS-Buy-Back-Scheme-web-cz-600x490.jpg\" alt=\"\" class=\"wp-image-786\" srcset=\"https:\/\/gtsindustry.eu\/wp-content\/uploads\/2021\/07\/GTS-Buy-Back-Scheme-web-cz-600x490.jpg 600w, https:\/\/gtsindustry.eu\/wp-content\/uploads\/2021\/07\/GTS-Buy-Back-Scheme-web-cz-300x245.jpg 300w, https:\/\/gtsindustry.eu\/wp-content\/uploads\/2021\/07\/GTS-Buy-Back-Scheme-web-cz-768x627.jpg 768w, https:\/\/gtsindustry.eu\/wp-content\/uploads\/2021\/07\/GTS-Buy-Back-Scheme-web-cz.jpg 1440w\" sizes=\"auto, (max-width: 600px) 100vw, 600px\" \/><\/a><\/figure>\n<\/figure>\n\n\n\n<p>GTS Recycling Program je komplexn\u00ed slu\u017eba, kdy partner pouze p\u0159ed\u00e1 sv\u016fj dohodnut\u00fd a zaplacen\u00fd materi\u00e1l. GTS Industry zajist\u00ed transport vykoupen\u00e9ho opot\u0159eben\u00e9ho materi\u00e1lu z libovoln\u00e9 zem\u011b sv\u011bta.<\/p>\n\n\n\n<h2 class=\"wp-block-heading h1\">Na\u0161e v\u00fdrobn\u00ed z\u00e1vody<\/h2>\n\n\n\n<p>Vlastn\u00ed zpracov\u00e1n\u00ed a recyklace prob\u00edh\u00e1 v na\u0161ich z\u00e1vodech v \u010cesk\u00e9 republice.<\/p>\n\n\n\n<figure class=\"wp-block-gallery has-nested-images columns-default is-cropped wp-block-gallery-3 is-layout-flex wp-block-gallery-is-layout-flex\">\n<figure class=\"wp-block-image size-large\"><img loading=\"lazy\" decoding=\"async\" width=\"554\" height=\"404\" data-id=\"169\" src=\"https:\/\/gtsindustry.eu\/wp-content\/uploads\/2021\/04\/Zavod_Kladno.jpeg\" alt=\"\" class=\"wp-image-169\" srcset=\"https:\/\/gtsindustry.eu\/wp-content\/uploads\/2021\/04\/Zavod_Kladno.jpeg 554w, https:\/\/gtsindustry.eu\/wp-content\/uploads\/2021\/04\/Zavod_Kladno-300x219.jpeg 300w\" sizes=\"auto, (max-width: 554px) 100vw, 554px\" \/><figcaption class=\"wp-element-caption\">V\u00fdrobn\u00ed z\u00e1vod &#8211; Kladno<\/figcaption><\/figure>\n\n\n\n<figure class=\"wp-block-image size-large\"><img loading=\"lazy\" decoding=\"async\" width=\"555\" height=\"403\" data-id=\"171\" src=\"https:\/\/gtsindustry.eu\/wp-content\/uploads\/2021\/04\/Zavod_Plzen.jpeg\" alt=\"\" class=\"wp-image-171\" srcset=\"https:\/\/gtsindustry.eu\/wp-content\/uploads\/2021\/04\/Zavod_Plzen.jpeg 555w, https:\/\/gtsindustry.eu\/wp-content\/uploads\/2021\/04\/Zavod_Plzen-300x218.jpeg 300w\" sizes=\"auto, (max-width: 555px) 100vw, 555px\" \/><figcaption class=\"wp-element-caption\">V\u00fdrobn\u00ed z\u00e1vod &#8211; Plze\u0148<\/figcaption><\/figure>\n<\/figure>\n\n\n\n<p><\/p>\n\n\n\n<h2 class=\"wp-block-heading h1\">Co vykupujeme<\/h2>\n\n\n\n<p>Vykupujeme r\u016fzn\u00e9 druhy n\u00e1\u0159ad\u00ed z karbidu wolframu opot\u0159ebovan\u00e9 p\u0159i stavb\u011b a \u00faprav\u011b silnic a d\u00e1lnic, budov\u00e1n\u00ed z\u00e1klad\u016f staveb, vrt\u00e1n\u00ed studen, v\u00fdstavb\u011b tunel\u016f a nejr\u016fzn\u011bj\u0161\u00ed t\u011b\u017eb\u011b. Mezi nej\u010dast\u011bj\u0161\u00ed materi\u00e1ly pat\u0159\u00ed zejm\u00e9na<\/p>\n","protected":false},"excerpt":{"rendered":"<p>Vykupujeme r\u016fzn\u00e9 druhy n\u00e1\u0159ad\u00ed z karbidu wolframu zejm\u00e9na od partner\u016f z oblasti silni\u010dn\u00edch konstrukc\u00ed, budov\u00e1n\u00ed z\u00e1klad\u016f, t\u011b\u017eby a v\u00fdstavby tunel\u016f po cel\u00e9m sv\u011bt\u011b. Aktu\u00e1ln\u011b vykupujeme ji\u017e z 27 zem\u00ed sv\u011bta. Vykoupen\u00fd materi\u00e1l zpracov\u00e1v\u00e1me a recyklujeme ve vlastn\u00edch z\u00e1vodech v \u010cesk\u00e9 republice tak, aby se v podob\u011b \u010dist\u00fdch kov\u016f mohl op\u011bt vr\u00e1tit do v\u00fdroby nov\u00fdch stroj\u016f [&hellip;]<\/p>\n","protected":false},"author":1,"featured_media":114,"parent":0,"menu_order":0,"comment_status":"closed","ping_status":"closed","template":"page-gallery.php","meta":{"_acf_changed":false,"footnotes":""},"class_list":["post-10","page","type-page","status-publish","has-post-thumbnail","hentry"],"acf":[],"_links":{"self":[{"href":"https:\/\/gtsindustry.eu\/cs\/wp-json\/wp\/v2\/pages\/10","targetHints":{"allow":["GET"]}}],"collection":[{"href":"https:\/\/gtsindustry.eu\/cs\/wp-json\/wp\/v2\/pages"}],"about":[{"href":"https:\/\/gtsindustry.eu\/cs\/wp-json\/wp\/v2\/types\/page"}],"author":[{"embeddable":true,"href":"https:\/\/gtsindustry.eu\/cs\/wp-json\/wp\/v2\/users\/1"}],"replies":[{"embeddable":true,"href":"https:\/\/gtsindustry.eu\/cs\/wp-json\/wp\/v2\/comments?post=10"}],"version-history":[{"count":15,"href":"https:\/\/gtsindustry.eu\/cs\/wp-json\/wp\/v2\/pages\/10\/revisions"}],"predecessor-version":[{"id":879,"href":"https:\/\/gtsindustry.eu\/cs\/wp-json\/wp\/v2\/pages\/10\/revisions\/879"}],"wp:featuredmedia":[{"embeddable":true,"href":"https:\/\/gtsindustry.eu\/cs\/wp-json\/wp\/v2\/media\/114"}],"wp:attachment":[{"href":"https:\/\/gtsindustry.eu\/cs\/wp-json\/wp\/v2\/media?parent=10"}],"curies":[{"name":"wp","href":"https:\/\/api.w.org\/{rel}","templated":true}]}}