{"id":12,"date":"2021-04-21T07:31:23","date_gmt":"2021-04-21T05:31:23","guid":{"rendered":"https:\/\/gtsindustry.eu\/?page_id=12"},"modified":"2026-04-07T12:01:35","modified_gmt":"2026-04-07T10:01:35","slug":"spolecnost","status":"publish","type":"page","link":"https:\/\/gtsindustry.eu\/cs\/spolecnost\/","title":{"rendered":"GTS | Industry"},"content":{"rendered":"<div class=\"wp-block-image is-resized\">\n<figure class=\"alignright size-full\"><img loading=\"lazy\" decoding=\"async\" width=\"600\" height=\"450\" src=\"https:\/\/gtsindustry.eu\/wp-content\/uploads\/2025\/05\/AFI-Vokovice.jpg\" alt=\"\" class=\"wp-image-1018\" srcset=\"https:\/\/gtsindustry.eu\/wp-content\/uploads\/2025\/05\/AFI-Vokovice.jpg 600w, https:\/\/gtsindustry.eu\/wp-content\/uploads\/2025\/05\/AFI-Vokovice-300x225.jpg 300w\" sizes=\"auto, (max-width: 600px) 100vw, 600px\" \/><\/figure>\n<\/div>\n\n\n<p><strong>GTS Industry<\/strong> pat\u0159\u00ed mezi nejv\u011bt\u0161\u00ed v\u00fdkupn\u00ed podniky, zpracovatele a recykl\u00e1tory pou\u017eit\u00fdch strojn\u00edch n\u00e1hradn\u00edch d\u00edl\u016f a n\u00e1\u0159ad\u00ed vyroben\u00fdch z tvrdokovu. Recyklac\u00ed opot\u0159eben\u00e9ho materi\u00e1lu p\u0159ipravujeme \u010dist\u00e9 kovy, kter\u00e9 plnohodnotn\u011b vstupuj\u00ed do v\u00fdroby nov\u00fdch n\u00e1stroj\u016f, a t\u00edm p\u0159isp\u00edv\u00e1me ke sn\u00ed\u017een\u00ed ekologick\u00e9 z\u00e1t\u011b\u017ee souvisej\u00edc\u00ed s t\u011b\u017ebou \u017eelezn\u00e9 rudy a wolframu.<\/p>\n\n\n\n<p><strong>Nov\u011b roz\u0161i\u0159ujeme na\u0161e aktivity o v\u00fdrobu a p\u0159\u00edm\u00fd prodej vlastn\u00edch silni\u010dn\u00edch fr\u00e9zovac\u00edch \u0161pi\u010dek.<\/strong> Na\u0161e \u0161pi\u010dky jsou navr\u017eeny s d\u016frazem na odolnost, v\u00fdkon a dlouhou \u017eivotnost, a vyr\u00e1b\u011bny s vyu\u017eit\u00edm kvalitn\u00edch materi\u00e1l\u016f \u2013 v\u010detn\u011b recyklovan\u00e9ho tvrdokovu. D\u00edky na\u0161im dlouholet\u00fdm zku\u0161enostem s&nbsp;v\u00fdkupem a&nbsp;recyklac\u00ed p\u0159esn\u011b v\u00edme, co stroje v ter\u00e9nu pot\u0159ebuj\u00ed, a dok\u00e1\u017eeme nab\u00eddnout konkurenceschopnou alternativu k tradi\u010dn\u00edm zna\u010dk\u00e1m.<\/p>\n\n\n\n<p>GTS Industry v roce 2016 nav\u00e1zala na aktivity CNL Holding, pln\u011b se specializovala na oblast recyklace karbidu wolframu a disponuje tedy v\u00edce ne\u017e 20 lety zku\u0161enost\u00ed s recyklac\u00ed materi\u00e1lu z 27 zem\u00ed sv\u011bta. Posl\u00e1n\u00edm spole\u010dnosti je recyklac\u00ed v maxim\u00e1ln\u00ed mo\u017en\u00e9 m\u00ed\u0159e p\u0159isp\u00edvat k&nbsp;ochran\u011b \u017eivotn\u00edho prost\u0159ed\u00ed a&nbsp;zapojovat do sv\u00e9ho recykla\u010dn\u00edho programu co nejv\u00edce partner\u016f zejm\u00e9na z oblasti silni\u010dn\u00edch konstrukc\u00ed, budov\u00e1n\u00ed z\u00e1klad\u016f, t\u011b\u017eby a&nbsp;v\u00fdstavby tunel\u016f po cel\u00e9m sv\u011bt\u011b.<\/p>\n\n\n\n<p>Nov\u011b vyvinut\u00e1 silni\u010dn\u00ed fr\u00e9zovac\u00ed \u0161pi\u010dka <strong>GTS<\/strong> je optimalizovan\u00e1 pro n\u00e1ro\u010dn\u00e9 podm\u00ednky p\u0159i fr\u00e9zov\u00e1n\u00ed asfaltov\u00fdch a&nbsp;betonov\u00fdch vozovek. Vyzna\u010duje se vysokou odolnost\u00ed proti opot\u0159eben\u00ed, p\u0159esn\u00fdm z\u00e1b\u011brem a&nbsp;dlouhou \u017eivotnost\u00ed, co\u017e zaji\u0161\u0165uje spolehliv\u00fd v\u00fdkon i&nbsp;p\u0159i intenzivn\u00edm nasazen\u00ed. D\u00edky vlastn\u00edmu v\u00fdvoji a&nbsp;d\u016frazu na kvalitu materi\u00e1lu p\u0159edstavuje ide\u00e1ln\u00ed volbu pro silni\u010dn\u00ed spole\u010dnosti hledaj\u00edc\u00ed efektivn\u00ed a&nbsp;konkurenceschopn\u00e9 \u0159e\u0161en\u00ed.<\/p>\n\n\n\n<h2 class=\"wp-block-heading h1\">Z\u00edskejte certifik\u00e1t ekologick\u00e9ho nakl\u00e1dan\u00ed s odpady<\/h2>\n\n\n\n<p>Zapojen\u00edm do recykla\u010dn\u00edho programu GTS Industry m\u016f\u017eete z\u00edskat certifik\u00e1t vydan\u00fd celosv\u011btov\u011b uzn\u00e1vanou certifika\u010dn\u00ed autoritou potvrzuj\u00edc\u00ed ekologick\u00e9 nakl\u00e1dan\u00ed s n\u00e1mi vykupovan\u00fdmi odpady ve va\u0161\u00ed spole\u010dnosti v&nbsp;souladu s odpov\u00eddaj\u00edc\u00edmi po\u017eadavky a standardy.<\/p>\n\n\n\n<h2 class=\"wp-block-heading h1\">V\u00edce pen\u011bz za v\u00e1\u0161 odpad a bez starost\u00ed<\/h2>\n\n\n\n<p>Sv\u00fdm ekologick\u00fdm p\u0159\u00edstupem z\u00edsk\u00e1te i nejvy\u0161\u0161\u00ed mo\u017enou hodnotu za v\u00e1\u0161 odpadov\u00fd materi\u00e1l a my se postar\u00e1me o&nbsp;zaji\u0161t\u011bn\u00ed odvozu i vy\u0159\u00edzen\u00ed v\u0161ech formalit. GTS Recycling Program je komplexn\u00ed slu\u017eba, kdy partner pouze p\u0159ed\u00e1 sv\u016fj dohodnut\u00fd a zaplacen\u00fd materi\u00e1l. GTS Industry zajist\u00ed transport vykoupen\u00e9ho opot\u0159eben\u00e9ho materi\u00e1lu z&nbsp;libovoln\u00e9 zem\u011b sv\u011bta. Samotn\u00e1 recyklace pak prob\u00edh\u00e1 ve vlastn\u00edch z\u00e1vodech v&nbsp;\u010cesk\u00e9 republice.<\/p>\n\n\n\n<p class=\"mt-5 mb-5\"><a href=\"#poptavka\" class=\"btn btn-secondary btn-lg text-uppercase scroll-to\">Popt\u00e1vka v\u00fdkupn\u00ed ceny<\/a><\/p>\n\n\n\n<h2 class=\"wp-block-heading h1\">Spolehliv\u00fd certifikovan\u00fd partner<\/h2>\n\n\n\n<p>GTS Industry m\u00e1 zaveden\u00fd syst\u00e9m \u0159\u00edzen\u00ed bezpe\u010dnosti, ochrany zdrav\u00ed a \u017eivotn\u00edho prost\u0159ed\u00ed v souladu s&nbsp;p\u0159\u00edslu\u0161n\u00fdmi standardy ISO a odpov\u00eddaj\u00edc\u00edmi legislativn\u00edmi p\u0159edpisy. Disponuje t\u00e9\u017e ve\u0161ker\u00fdmi p\u0159\u00edslu\u0161n\u00fdmi atesty, certifik\u00e1ty a povolen\u00edmi, jak na jm\u00e9no spole\u010dnosti, tak i pro jednotliv\u00e9 druhy v\u00fdroby, \u00fadr\u017eby stroj\u016f a&nbsp;vzd\u011bl\u00e1v\u00e1n\u00ed zam\u011bstnanc\u016f v souladu s mezin\u00e1rodn\u00edmi normami.<\/p>\n\n\n\n<figure class=\"wp-block-gallery has-nested-images columns-default columns-3 mb-5 wp-block-gallery-1 is-layout-flex wp-block-gallery-is-layout-flex\">\n<figure class=\"wp-block-image size-medium\"><a href=\"https:\/\/gtsindustry.eu\/wp-content\/uploads\/2026\/04\/Certifikate-GTS-Industry-ISO-450012018-1-scaled.jpg\"><img loading=\"lazy\" decoding=\"async\" width=\"212\" height=\"300\" data-id=\"1183\" src=\"https:\/\/gtsindustry.eu\/wp-content\/uploads\/2026\/04\/Certifikate-GTS-Industry-ISO-450012018-1-212x300.jpg\" alt=\"\" class=\"wp-image-1183\" srcset=\"https:\/\/gtsindustry.eu\/wp-content\/uploads\/2026\/04\/Certifikate-GTS-Industry-ISO-450012018-1-212x300.jpg 212w, https:\/\/gtsindustry.eu\/wp-content\/uploads\/2026\/04\/Certifikate-GTS-Industry-ISO-450012018-1-424x600.jpg 424w, https:\/\/gtsindustry.eu\/wp-content\/uploads\/2026\/04\/Certifikate-GTS-Industry-ISO-450012018-1-768x1086.jpg 768w, https:\/\/gtsindustry.eu\/wp-content\/uploads\/2026\/04\/Certifikate-GTS-Industry-ISO-450012018-1-1086x1536.jpg 1086w, https:\/\/gtsindustry.eu\/wp-content\/uploads\/2026\/04\/Certifikate-GTS-Industry-ISO-450012018-1-1448x2048.jpg 1448w, https:\/\/gtsindustry.eu\/wp-content\/uploads\/2026\/04\/Certifikate-GTS-Industry-ISO-450012018-1-scaled.jpg 1810w\" sizes=\"auto, (max-width: 212px) 100vw, 212px\" \/><\/a><\/figure>\n\n\n\n<figure class=\"wp-block-image size-medium\"><a href=\"https:\/\/gtsindustry.eu\/wp-content\/uploads\/2026\/04\/Certifikate-GTS-Industry-ISO-140012015-1-scaled.jpg\"><img loading=\"lazy\" decoding=\"async\" width=\"212\" height=\"300\" data-id=\"1182\" src=\"https:\/\/gtsindustry.eu\/wp-content\/uploads\/2026\/04\/Certifikate-GTS-Industry-ISO-140012015-1-212x300.jpg\" alt=\"\" class=\"wp-image-1182\" srcset=\"https:\/\/gtsindustry.eu\/wp-content\/uploads\/2026\/04\/Certifikate-GTS-Industry-ISO-140012015-1-212x300.jpg 212w, https:\/\/gtsindustry.eu\/wp-content\/uploads\/2026\/04\/Certifikate-GTS-Industry-ISO-140012015-1-424x600.jpg 424w, https:\/\/gtsindustry.eu\/wp-content\/uploads\/2026\/04\/Certifikate-GTS-Industry-ISO-140012015-1-768x1086.jpg 768w, https:\/\/gtsindustry.eu\/wp-content\/uploads\/2026\/04\/Certifikate-GTS-Industry-ISO-140012015-1-1086x1536.jpg 1086w, https:\/\/gtsindustry.eu\/wp-content\/uploads\/2026\/04\/Certifikate-GTS-Industry-ISO-140012015-1-1448x2048.jpg 1448w, https:\/\/gtsindustry.eu\/wp-content\/uploads\/2026\/04\/Certifikate-GTS-Industry-ISO-140012015-1-scaled.jpg 1810w\" sizes=\"auto, (max-width: 212px) 100vw, 212px\" \/><\/a><\/figure>\n\n\n\n<figure class=\"wp-block-image size-medium\"><a href=\"https:\/\/gtsindustry.eu\/wp-content\/uploads\/2026\/04\/Certifikate-GTS-Industry-ISO-90012015-1-scaled.jpg\"><img loading=\"lazy\" decoding=\"async\" width=\"212\" height=\"300\" data-id=\"1181\" src=\"https:\/\/gtsindustry.eu\/wp-content\/uploads\/2026\/04\/Certifikate-GTS-Industry-ISO-90012015-1-212x300.jpg\" alt=\"\" class=\"wp-image-1181\" srcset=\"https:\/\/gtsindustry.eu\/wp-content\/uploads\/2026\/04\/Certifikate-GTS-Industry-ISO-90012015-1-212x300.jpg 212w, https:\/\/gtsindustry.eu\/wp-content\/uploads\/2026\/04\/Certifikate-GTS-Industry-ISO-90012015-1-424x600.jpg 424w, https:\/\/gtsindustry.eu\/wp-content\/uploads\/2026\/04\/Certifikate-GTS-Industry-ISO-90012015-1-768x1086.jpg 768w, https:\/\/gtsindustry.eu\/wp-content\/uploads\/2026\/04\/Certifikate-GTS-Industry-ISO-90012015-1-1086x1536.jpg 1086w, https:\/\/gtsindustry.eu\/wp-content\/uploads\/2026\/04\/Certifikate-GTS-Industry-ISO-90012015-1-1448x2048.jpg 1448w, https:\/\/gtsindustry.eu\/wp-content\/uploads\/2026\/04\/Certifikate-GTS-Industry-ISO-90012015-1-scaled.jpg 1810w\" sizes=\"auto, (max-width: 212px) 100vw, 212px\" \/><\/a><\/figure>\n<\/figure>\n\n\n\n<h2 class=\"wp-block-heading h1\">St\u00e1le rosteme. P\u0159idejte se do na\u0161eho t\u00fdmu!<\/h2>\n\n\n\n<p>Jsme t\u00fdm ak\u010dn\u00edch lid\u00ed, kte\u0159\u00ed stoprocentn\u011b v\u011b\u0159\u00ed na\u0161\u00ed vizi. Chceme d\u011blat n\u011bco pro lep\u0161\u00ed sv\u011bt a d\u011blat to tak, aby v&nbsp;tom byl jasn\u00fd a dlouhodob\u00fd businessov\u00fd p\u0159\u00ednos. Ve 27 zem\u00edch sv\u011bta vykupujeme opot\u0159ebovan\u00fd materi\u00e1l z&nbsp;karbidu wolframu, recyklujeme ho na \u010dist\u00e9 kovy a ty vrac\u00edme zp\u00e1tky do procesu v\u00fdroby nov\u00fdch stroj\u016f a&nbsp;n\u00e1stroj\u016f.<\/p>\n\n\n\n<p>27 zem\u00ed, kde p\u016fsob\u00edme je m\u00e1lo. Roz\u0161i\u0159ujeme na\u0161e aktivity v t\u011bchto zem\u00edch, ale p\u0159id\u00e1v\u00e1me i dal\u0161\u00ed. Chcete se pod\u00edlet na zlep\u0161ov\u00e1n\u00ed \u017eivotn\u00edho prost\u0159ed\u00ed kolem n\u00e1s a z\u00e1rove\u0148 m\u00edt mo\u017enost dosahovat zaj\u00edmav\u00fdch obchodn\u00edch v\u00fdsledk\u016f? Jste ak\u010dn\u00ed osobnost, r\u00e1di cestujete a nechcete tr\u00e1vit v\u011bt\u0161inu \u010dasu v kancel\u00e1\u0159i?<\/p>\n\n\n\n<p class=\"has-large-font-size\">Region\u00e1ln\u00ed obchodn\u00ed z\u00e1stupce<\/p>\n\n\n\n<p>P\u0159ipojte se k n\u00e1m a roz\u0161i\u0159te n\u00e1\u0161 obchodn\u00ed t\u00fdm jako Region\u00e1ln\u00ed obchodn\u00ed z\u00e1stupce! Sta\u0148te se zodpov\u011bdn\u00ed za na\u0161e aktivity ve va\u0161\u00ed zemi. Nen\u00ed d\u016fle\u017eit\u00e9 kolik m\u00e1te zku\u0161enost\u00ed, ale kolik energie do toho d\u00e1me. My stoprocentn\u011b v\u011b\u0159\u00edme smyslu na\u0161\u00ed pr\u00e1ce, tak\u017ee dok\u00e1\u017eeme podpo\u0159it ka\u017ed\u00e9ho, kdo do toho p\u016fjde na 100% s&nbsp;n\u00e1mi. Napi\u0161te n\u00e1m va\u0161i p\u0159edstavu o spolupr\u00e1ci a v\u00edce si \u0159ekneme osobn\u011b.<\/p>\n\n\n\n<p>Napi\u0161te n\u00e1m va\u0161i p\u0159edstavu o spolupr\u00e1ci na <a href=\"mailto:info@gtsindustry.eu\" target=\"_blank\" rel=\"noreferrer noopener\">info@gtsindustry.eu<\/a> a v\u00edce si \u0159ekneme osobn\u011b.<\/p>\n","protected":false},"excerpt":{"rendered":"<p>GTS Industry pat\u0159\u00ed mezi nejv\u011bt\u0161\u00ed v\u00fdkupn\u00ed podniky, zpracovatele a recykl\u00e1tory pou\u017eit\u00fdch strojn\u00edch n\u00e1hradn\u00edch d\u00edl\u016f a n\u00e1\u0159ad\u00ed vyroben\u00fdch z tvrdokovu. Recyklac\u00ed opot\u0159eben\u00e9ho materi\u00e1lu p\u0159ipravujeme \u010dist\u00e9 kovy, kter\u00e9 plnohodnotn\u011b vstupuj\u00ed do v\u00fdroby nov\u00fdch n\u00e1stroj\u016f, a t\u00edm p\u0159isp\u00edv\u00e1me ke sn\u00ed\u017een\u00ed ekologick\u00e9 z\u00e1t\u011b\u017ee souvisej\u00edc\u00ed s t\u011b\u017ebou \u017eelezn\u00e9 rudy a wolframu. Nov\u011b roz\u0161i\u0159ujeme na\u0161e aktivity o v\u00fdrobu a p\u0159\u00edm\u00fd prodej [&hellip;]<\/p>\n","protected":false},"author":1,"featured_media":0,"parent":0,"menu_order":0,"comment_status":"closed","ping_status":"closed","template":"","meta":{"_acf_changed":false,"footnotes":""},"class_list":["post-12","page","type-page","status-publish","hentry"],"acf":[],"_links":{"self":[{"href":"https:\/\/gtsindustry.eu\/cs\/wp-json\/wp\/v2\/pages\/12","targetHints":{"allow":["GET"]}}],"collection":[{"href":"https:\/\/gtsindustry.eu\/cs\/wp-json\/wp\/v2\/pages"}],"about":[{"href":"https:\/\/gtsindustry.eu\/cs\/wp-json\/wp\/v2\/types\/page"}],"author":[{"embeddable":true,"href":"https:\/\/gtsindustry.eu\/cs\/wp-json\/wp\/v2\/users\/1"}],"replies":[{"embeddable":true,"href":"https:\/\/gtsindustry.eu\/cs\/wp-json\/wp\/v2\/comments?post=12"}],"version-history":[{"count":26,"href":"https:\/\/gtsindustry.eu\/cs\/wp-json\/wp\/v2\/pages\/12\/revisions"}],"predecessor-version":[{"id":1203,"href":"https:\/\/gtsindustry.eu\/cs\/wp-json\/wp\/v2\/pages\/12\/revisions\/1203"}],"wp:attachment":[{"href":"https:\/\/gtsindustry.eu\/cs\/wp-json\/wp\/v2\/media?parent=12"}],"curies":[{"name":"wp","href":"https:\/\/api.w.org\/{rel}","templated":true}]}}