{"id":5,"date":"2021-04-20T08:37:52","date_gmt":"2021-04-20T06:37:52","guid":{"rendered":"https:\/\/gtsindustry.eu\/?page_id=5"},"modified":"2026-04-07T11:42:37","modified_gmt":"2026-04-07T09:42:37","slug":"uvod","status":"publish","type":"page","link":"https:\/\/gtsindustry.eu\/cs\/","title":{"rendered":"\u00davod"},"content":{"rendered":"\n<h2 class=\"wp-block-heading h1\">V\u00e1\u0161 odpad je v\u00e1\u0161 profit<\/h2>\n\n\n\n<p>Zapojte se do programu karbidov\u00e9 recyklace GTS Industry. P\u0159isp\u011bjete t\u00edm k ochran\u011b \u017eivotn\u00edho prost\u0159ed\u00ed a je\u0161t\u011b na tom vyd\u011bl\u00e1te d\u00edky vy\u0161\u0161\u00edmu zhodnocen\u00ed va\u0161eho opot\u0159ebovan\u00e9ho materi\u00e1lu.<\/p>\n","protected":false},"excerpt":{"rendered":"<p>V\u00e1\u0161 odpad je v\u00e1\u0161 profit Zapojte se do programu karbidov\u00e9 recyklace GTS Industry. P\u0159isp\u011bjete t\u00edm k ochran\u011b \u017eivotn\u00edho prost\u0159ed\u00ed a je\u0161t\u011b na tom vyd\u011bl\u00e1te d\u00edky vy\u0161\u0161\u00edmu zhodnocen\u00ed va\u0161eho opot\u0159ebovan\u00e9ho materi\u00e1lu.<\/p>\n","protected":false},"author":1,"featured_media":0,"parent":0,"menu_order":0,"comment_status":"closed","ping_status":"closed","template":"homepage.php","meta":{"_acf_changed":false,"footnotes":""},"class_list":["post-5","page","type-page","status-publish","hentry"],"acf":[],"_links":{"self":[{"href":"https:\/\/gtsindustry.eu\/cs\/wp-json\/wp\/v2\/pages\/5","targetHints":{"allow":["GET"]}}],"collection":[{"href":"https:\/\/gtsindustry.eu\/cs\/wp-json\/wp\/v2\/pages"}],"about":[{"href":"https:\/\/gtsindustry.eu\/cs\/wp-json\/wp\/v2\/types\/page"}],"author":[{"embeddable":true,"href":"https:\/\/gtsindustry.eu\/cs\/wp-json\/wp\/v2\/users\/1"}],"replies":[{"embeddable":true,"href":"https:\/\/gtsindustry.eu\/cs\/wp-json\/wp\/v2\/comments?post=5"}],"version-history":[{"count":6,"href":"https:\/\/gtsindustry.eu\/cs\/wp-json\/wp\/v2\/pages\/5\/revisions"}],"predecessor-version":[{"id":1174,"href":"https:\/\/gtsindustry.eu\/cs\/wp-json\/wp\/v2\/pages\/5\/revisions\/1174"}],"wp:attachment":[{"href":"https:\/\/gtsindustry.eu\/cs\/wp-json\/wp\/v2\/media?parent=5"}],"curies":[{"name":"wp","href":"https:\/\/api.w.org\/{rel}","templated":true}]}}