{"id":973,"date":"2025-05-21T15:17:09","date_gmt":"2025-05-21T13:17:09","guid":{"rendered":"https:\/\/gtsindustry.eu\/milling-tip\/"},"modified":"2026-04-07T09:57:13","modified_gmt":"2026-04-07T07:57:13","slug":"frezovaci-spicka","status":"publish","type":"page","link":"https:\/\/gtsindustry.eu\/cs\/frezovaci-spicka\/","title":{"rendered":"Fr\u00e9zovac\u00ed | \u0161pi\u010dka"},"content":{"rendered":"\n<h2 class=\"wp-block-heading h1\">Fr\u00e9zovac\u00ed \u0161pi\u010dka<\/h2>\n\n\n\n<p>Fr\u00e9zovac\u00ed \u0161pi\u010dky jsou ur\u010deny pro fr\u00e9zov\u00e1n\u00ed asfaltov\u00fdch povrch\u016f, v\u010detn\u011b recykla\u010dn\u00edho fr\u00e9zov\u00e1n\u00ed, a je vhodn\u00fd jak pro standardn\u00ed, tak i hlubok\u00e9 fr\u00e9zovac\u00ed operace. Je kompatibiln\u00ed se stroji zna\u010dek Wirtgen, Caterpillar, Dynapac, Bomag a Roadtec. Mezi hlavn\u00ed v\u00fdhody oproti konkurenci pat\u0159\u00ed del\u0161\u00ed \u017eivotnost d\u00edky zes\u00edlen\u00e9 karbidov\u00e9 hlavici, sn\u00ed\u017een\u00ed n\u00e1klad\u016f na v\u00fdm\u011bnu \u0161pi\u010dek d\u00edky optimalizovan\u00e9 geometrii, lep\u0161\u00ed odvod materi\u00e1lu pro plynulej\u0161\u00ed fr\u00e9zovac\u00ed proces a vylep\u0161en\u00e1 rotace pro rovnom\u011brn\u00e9 opot\u0159eben\u00ed. D\u00e1le se vyzna\u010duje robustn\u00ed podlo\u017ekou pro vysokou ochranu dr\u017e\u00e1ku, kvalitn\u00edm podkladem pro dobrou rotaci n\u00e1stroje a konstrukc\u00ed, kter\u00e1 zabra\u0148uje eliptick\u00e9 rotaci.<\/p>\n","protected":false},"excerpt":{"rendered":"<p>Fr\u00e9zovac\u00ed \u0161pi\u010dka Fr\u00e9zovac\u00ed \u0161pi\u010dky jsou ur\u010deny pro fr\u00e9zov\u00e1n\u00ed asfaltov\u00fdch povrch\u016f, v\u010detn\u011b recykla\u010dn\u00edho fr\u00e9zov\u00e1n\u00ed, a je vhodn\u00fd jak pro standardn\u00ed, tak i hlubok\u00e9 fr\u00e9zovac\u00ed operace. Je kompatibiln\u00ed se stroji zna\u010dek Wirtgen, Caterpillar, Dynapac, Bomag a Roadtec. Mezi hlavn\u00ed v\u00fdhody oproti konkurenci pat\u0159\u00ed del\u0161\u00ed \u017eivotnost d\u00edky zes\u00edlen\u00e9 karbidov\u00e9 hlavici, sn\u00ed\u017een\u00ed n\u00e1klad\u016f na v\u00fdm\u011bnu \u0161pi\u010dek d\u00edky optimalizovan\u00e9 geometrii, [&hellip;]<\/p>\n","protected":false},"author":1,"featured_media":950,"parent":0,"menu_order":0,"comment_status":"closed","ping_status":"closed","template":"page-millingtip.php","meta":{"_acf_changed":false,"footnotes":""},"class_list":["post-973","page","type-page","status-publish","has-post-thumbnail","hentry"],"acf":[],"_links":{"self":[{"href":"https:\/\/gtsindustry.eu\/cs\/wp-json\/wp\/v2\/pages\/973","targetHints":{"allow":["GET"]}}],"collection":[{"href":"https:\/\/gtsindustry.eu\/cs\/wp-json\/wp\/v2\/pages"}],"about":[{"href":"https:\/\/gtsindustry.eu\/cs\/wp-json\/wp\/v2\/types\/page"}],"author":[{"embeddable":true,"href":"https:\/\/gtsindustry.eu\/cs\/wp-json\/wp\/v2\/users\/1"}],"replies":[{"embeddable":true,"href":"https:\/\/gtsindustry.eu\/cs\/wp-json\/wp\/v2\/comments?post=973"}],"version-history":[{"count":10,"href":"https:\/\/gtsindustry.eu\/cs\/wp-json\/wp\/v2\/pages\/973\/revisions"}],"predecessor-version":[{"id":1157,"href":"https:\/\/gtsindustry.eu\/cs\/wp-json\/wp\/v2\/pages\/973\/revisions\/1157"}],"wp:featuredmedia":[{"embeddable":true,"href":"https:\/\/gtsindustry.eu\/cs\/wp-json\/wp\/v2\/media\/950"}],"wp:attachment":[{"href":"https:\/\/gtsindustry.eu\/cs\/wp-json\/wp\/v2\/media?parent=973"}],"curies":[{"name":"wp","href":"https:\/\/api.w.org\/{rel}","templated":true}]}}