{"id":250,"date":"2021-05-07T00:26:30","date_gmt":"2021-05-06T22:26:30","guid":{"rendered":"https:\/\/gtsindustry.eu\/?page_id=250"},"modified":"2026-04-07T12:03:11","modified_gmt":"2026-04-07T10:03:11","slug":"unternehmen","status":"publish","type":"page","link":"https:\/\/gtsindustry.eu\/de\/unternehmen\/","title":{"rendered":"GTS | Industry"},"content":{"rendered":"<div class=\"wp-block-image is-resized\">\n<figure class=\"alignright size-full\"><img loading=\"lazy\" decoding=\"async\" width=\"600\" height=\"450\" src=\"https:\/\/gtsindustry.eu\/wp-content\/uploads\/2025\/05\/AFI-Vokovice.jpg\" alt=\"\" class=\"wp-image-1018\" srcset=\"https:\/\/gtsindustry.eu\/wp-content\/uploads\/2025\/05\/AFI-Vokovice.jpg 600w, https:\/\/gtsindustry.eu\/wp-content\/uploads\/2025\/05\/AFI-Vokovice-300x225.jpg 300w\" sizes=\"auto, (max-width: 600px) 100vw, 600px\" \/><\/figure>\n<\/div>\n\n\n<p><strong>GTS Industry<\/strong> geh\u00f6rt zu den gr\u00f6\u00dften Ankaufunternehmen, Verarbeitern und Recyclern von gebrauchten Hartmetall-Maschinenteilen und -Werkzeugen. Durch das Recycling von abgenutztem Material bereiten wir reine Metalle auf, die vollst\u00e4ndig in die Herstellung neuer Werkzeuge einflie\u00dfen und so zur Reduzierung der Umweltbelastung durch den Abbau von Eisenerz und Wolfram beitragen.<\/p>\n\n\n\n<p>Wir erweitern unsere Aktivit\u00e4ten um die Herstellung und den Direktverkauf eigener Stra\u00dfenfr\u00e4skronen. Unsere Fr\u00e4skronen sind auf Langlebigkeit, Leistung und eine lange Lebensdauer ausgelegt und werden aus hochwertigen Materialien \u2013 einschlie\u00dflich recyceltem Hartmetall \u2013 gefertigt. Dank unserer langj\u00e4hrigen Erfahrung im Ankauf und Recycling wissen wir genau, was Maschinen im Einsatz ben\u00f6tigen, und k\u00f6nnen eine wettbewerbsf\u00e4hige Alternative zu traditionellen Marken anbieten.<\/p>\n\n\n\n<p>Im Jahr 2016 setzte GTS Industry die Aktivit\u00e4ten von CNL Holding fort, spezialisierte sich vollst\u00e4ndig auf das Recycling von Wolframkarbid und verf\u00fcgt somit \u00fcber mehr als 20 Jahre Erfahrung im Materialrecycling aus 27 L\u00e4ndern weltweit. Die Mission des Unternehmens ist es, durch maximales Recycling zum Umweltschutz beizutragen und m\u00f6glichst viele Partner, insbesondere aus dem Bereich Stra\u00dfenbau, Fundamentbau, Bergbau und Tunnelbau, in sein Recyclingprogramm einzubeziehen.<\/p>\n\n\n\n<p>Die neu entwickelte GTS-Stra\u00dfenfr\u00e4skrone ist f\u00fcr anspruchsvolle Bedingungen beim Fr\u00e4sen von Asphalt- und Betonfahrbahnen optimiert. Sie zeichnet sich durch hohe Verschlei\u00dffestigkeit, pr\u00e4zisen Schnitt und lange Lebensdauer aus, was eine zuverl\u00e4ssige Leistung auch bei intensiver Nutzung gew\u00e4hrleistet. Dank unserer eigenen Entwicklung und dem Fokus auf Materialqualit\u00e4t stellt sie eine ideale Wahl f\u00fcr Stra\u00dfenbauunternehmen dar, die nach effizienten und wettbewerbsf\u00e4higen L\u00f6sungen suchen.<\/p>\n\n\n\n<h2 class=\"wp-block-heading h1\">Holen Sie sich ein Zertifikat f\u00fcr \u00f6kologische Abfallwirtschaft<\/h2>\n\n\n\n<p>Durch die Teilnahme am Recyclingprogramm GTS Industry erhalten Sie ein Zertifikat einer weltweit anerkannten Zertifizierungsstelle, das die \u00f6kologische Abfallwirtschaft in Ihrem Unternehmen nach europ\u00e4ischen und globalen Anforderungen und Standards best\u00e4tigt.<\/p>\n\n\n\n<h2 class=\"wp-block-heading h1\">Mehr Geld f\u00fcr Ihren Abfall und keine Sorgen<\/h2>\n\n\n\n<p>Mit Ihrem \u00f6kologischen Ansatz erhalten Sie den h\u00f6chstm\u00f6glichen Wert f\u00fcr Ihr Abfallmaterial und wir k\u00fcmmern uns um die Entsorgung und Erledigung aller Formalit\u00e4ten. Das GTS Recycling Programm ist ein umfassender Service, bei dem der Partner nur sein vereinbartes und bezahltes Material weitergibt. GTS Industry gew\u00e4hrleistet den Transport von gekauftem Altmaterial aus jedem Land der Welt. Das Recycling selbst erfolgt dann in unseren eigenen Werken in Tschechien.<\/p>\n\n\n\n<p class=\"mt-5 mb-5\"><a href=\"#poptavka\" class=\"btn btn-secondary btn-lg text-uppercase scroll-to\">Kaufpreisanfrage<\/a><\/p>\n\n\n\n<h2 class=\"wp-block-heading h1\">Zuverl\u00e4ssiger zertifizierter Partner<\/h2>\n\n\n\n<p>GTS Industry verf\u00fcgt \u00fcber ein etabliertes Sicherheits-, Gesundheits- und Umweltmanagementsystem in \u00dcbereinstimmung mit den einschl\u00e4gigen ISO-Normen und einschl\u00e4gigen Gesetzen. Dar\u00fcber hinaus verf\u00fcgt sie \u00fcber alle relevanten Bescheinigungen, Zertifikate und Genehmigungen, sowohl im Namen des Unternehmens als auch f\u00fcr einzelne Produktionsarten, Wartung von Maschinen und Schulung der Mitarbeiter nach internationalen Standards.<\/p>\n\n\n\n<figure class=\"wp-block-gallery has-nested-images columns-default columns-3 mb-5 wp-block-gallery-1 is-layout-flex wp-block-gallery-is-layout-flex\">\n<figure class=\"wp-block-image size-medium\"><a href=\"https:\/\/gtsindustry.eu\/wp-content\/uploads\/2026\/04\/Certifikate-GTS-Industry-ISO-450012018-3-scaled.jpg\"><img loading=\"lazy\" decoding=\"async\" width=\"212\" height=\"300\" data-id=\"1189\" src=\"https:\/\/gtsindustry.eu\/wp-content\/uploads\/2026\/04\/Certifikate-GTS-Industry-ISO-450012018-3-212x300.jpg\" alt=\"\" class=\"wp-image-1189\" srcset=\"https:\/\/gtsindustry.eu\/wp-content\/uploads\/2026\/04\/Certifikate-GTS-Industry-ISO-450012018-3-212x300.jpg 212w, https:\/\/gtsindustry.eu\/wp-content\/uploads\/2026\/04\/Certifikate-GTS-Industry-ISO-450012018-3-424x600.jpg 424w, https:\/\/gtsindustry.eu\/wp-content\/uploads\/2026\/04\/Certifikate-GTS-Industry-ISO-450012018-3-768x1086.jpg 768w, https:\/\/gtsindustry.eu\/wp-content\/uploads\/2026\/04\/Certifikate-GTS-Industry-ISO-450012018-3-1086x1536.jpg 1086w, https:\/\/gtsindustry.eu\/wp-content\/uploads\/2026\/04\/Certifikate-GTS-Industry-ISO-450012018-3-1448x2048.jpg 1448w, https:\/\/gtsindustry.eu\/wp-content\/uploads\/2026\/04\/Certifikate-GTS-Industry-ISO-450012018-3-scaled.jpg 1810w\" sizes=\"auto, (max-width: 212px) 100vw, 212px\" \/><\/a><\/figure>\n\n\n\n<figure class=\"wp-block-image size-medium\"><a href=\"https:\/\/gtsindustry.eu\/wp-content\/uploads\/2026\/04\/Certifikate-GTS-Industry-ISO-140012015-3-scaled.jpg\"><img loading=\"lazy\" decoding=\"async\" width=\"212\" height=\"300\" data-id=\"1188\" src=\"https:\/\/gtsindustry.eu\/wp-content\/uploads\/2026\/04\/Certifikate-GTS-Industry-ISO-140012015-3-212x300.jpg\" alt=\"\" class=\"wp-image-1188\" srcset=\"https:\/\/gtsindustry.eu\/wp-content\/uploads\/2026\/04\/Certifikate-GTS-Industry-ISO-140012015-3-212x300.jpg 212w, https:\/\/gtsindustry.eu\/wp-content\/uploads\/2026\/04\/Certifikate-GTS-Industry-ISO-140012015-3-424x600.jpg 424w, https:\/\/gtsindustry.eu\/wp-content\/uploads\/2026\/04\/Certifikate-GTS-Industry-ISO-140012015-3-768x1086.jpg 768w, https:\/\/gtsindustry.eu\/wp-content\/uploads\/2026\/04\/Certifikate-GTS-Industry-ISO-140012015-3-1086x1536.jpg 1086w, https:\/\/gtsindustry.eu\/wp-content\/uploads\/2026\/04\/Certifikate-GTS-Industry-ISO-140012015-3-1448x2048.jpg 1448w, https:\/\/gtsindustry.eu\/wp-content\/uploads\/2026\/04\/Certifikate-GTS-Industry-ISO-140012015-3-scaled.jpg 1810w\" sizes=\"auto, (max-width: 212px) 100vw, 212px\" \/><\/a><\/figure>\n\n\n\n<figure class=\"wp-block-image size-medium\"><a href=\"https:\/\/gtsindustry.eu\/wp-content\/uploads\/2026\/04\/Certifikate-GTS-Industry-ISO-90012015-3-scaled.jpg\"><img loading=\"lazy\" decoding=\"async\" width=\"212\" height=\"300\" data-id=\"1187\" src=\"https:\/\/gtsindustry.eu\/wp-content\/uploads\/2026\/04\/Certifikate-GTS-Industry-ISO-90012015-3-212x300.jpg\" alt=\"\" class=\"wp-image-1187\" srcset=\"https:\/\/gtsindustry.eu\/wp-content\/uploads\/2026\/04\/Certifikate-GTS-Industry-ISO-90012015-3-212x300.jpg 212w, https:\/\/gtsindustry.eu\/wp-content\/uploads\/2026\/04\/Certifikate-GTS-Industry-ISO-90012015-3-424x600.jpg 424w, https:\/\/gtsindustry.eu\/wp-content\/uploads\/2026\/04\/Certifikate-GTS-Industry-ISO-90012015-3-768x1086.jpg 768w, https:\/\/gtsindustry.eu\/wp-content\/uploads\/2026\/04\/Certifikate-GTS-Industry-ISO-90012015-3-1086x1536.jpg 1086w, https:\/\/gtsindustry.eu\/wp-content\/uploads\/2026\/04\/Certifikate-GTS-Industry-ISO-90012015-3-1448x2048.jpg 1448w, https:\/\/gtsindustry.eu\/wp-content\/uploads\/2026\/04\/Certifikate-GTS-Industry-ISO-90012015-3-scaled.jpg 1810w\" sizes=\"auto, (max-width: 212px) 100vw, 212px\" \/><\/a><\/figure>\n<\/figure>\n\n\n\n<h2 class=\"wp-block-heading h1\">Wir wachsen noch. Werden Sie Teil unseres wachsenden Teams!<\/h2>\n\n\n\n<p>JWir sind ein Team von Aktionsleuten, die voll und ganz an unsere Vision glauben. Wir wollen etwas f\u00fcr eine bessere Welt tun und das so, dass ein klarer und langfristiger Gesch\u00e4ftsnutzen entsteht. In 27 L\u00e4ndern weltweit kaufen wir abgenutztes Hartmetallmaterial, recyceln es zu reinen Metallen und f\u00fchren es wieder in den Herstellungsprozess neuer Maschinen und Werkzeuge zur\u00fcck.<\/p>\n\n\n\n<p>Die 27 L\u00e4nder, in denen wir t\u00e4tig sind, sind wenige. Wir bauen unsere Aktivit\u00e4ten in diesen L\u00e4ndern aus, aber wir f\u00fcgen auch weitere hinzu. M\u00f6chten Sie an der Verbesserung der Umwelt um uns herum mitwirken und gleichzeitig interessante Gesch\u00e4ftsergebnisse erzielen? Sie sind eine Actionfigur, reisen gerne und m\u00f6chten nicht die meiste Zeit im B\u00fcro verbringen?<\/p>\n\n\n\n<p class=\"has-large-font-size\">Regional Sales Representative<\/p>\n\n\n\n<p>Kommen Sie zu uns und erweitern Sie unser Vertriebsteam als Regional Sales Representative! \u00dcbernehmen Sie Verantwortung f\u00fcr unsere Aktivit\u00e4ten in Ihrem Land. Es spielt keine Rolle, wie viel Erfahrung Sie haben, sondern wie viel Energie wir darin stecken. Wir glauben voll und ganz an den Sinn unserer Arbeit, deshalb k\u00f6nnen wir jeden unterst\u00fctzen, der zu 100% mit uns geht.<\/p>\n\n\n\n<p>Schreiben Sie uns Ihre Vorstellung von einer Zusammenarbeit an <a href=\"mailto:info@gtsindustry.eu\" target=\"_blank\" rel=\"noreferrer noopener\">info@gtsindustry.eu<\/a> und wir erz\u00e4hlen Ihnen pers\u00f6nlich mehr.<\/p>\n","protected":false},"excerpt":{"rendered":"<p>GTS Industry geh\u00f6rt zu den gr\u00f6\u00dften Ankaufunternehmen, Verarbeitern und Recyclern von gebrauchten Hartmetall-Maschinenteilen und -Werkzeugen. Durch das Recycling von abgenutztem Material bereiten wir reine Metalle auf, die vollst\u00e4ndig in die Herstellung neuer Werkzeuge einflie\u00dfen und so zur Reduzierung der Umweltbelastung durch den Abbau von Eisenerz und Wolfram beitragen. Wir erweitern unsere Aktivit\u00e4ten um die Herstellung [&hellip;]<\/p>\n","protected":false},"author":1,"featured_media":0,"parent":0,"menu_order":0,"comment_status":"closed","ping_status":"closed","template":"","meta":{"_acf_changed":false,"footnotes":""},"class_list":["post-250","page","type-page","status-publish","hentry"],"acf":[],"_links":{"self":[{"href":"https:\/\/gtsindustry.eu\/de\/wp-json\/wp\/v2\/pages\/250","targetHints":{"allow":["GET"]}}],"collection":[{"href":"https:\/\/gtsindustry.eu\/de\/wp-json\/wp\/v2\/pages"}],"about":[{"href":"https:\/\/gtsindustry.eu\/de\/wp-json\/wp\/v2\/types\/page"}],"author":[{"embeddable":true,"href":"https:\/\/gtsindustry.eu\/de\/wp-json\/wp\/v2\/users\/1"}],"replies":[{"embeddable":true,"href":"https:\/\/gtsindustry.eu\/de\/wp-json\/wp\/v2\/comments?post=250"}],"version-history":[{"count":8,"href":"https:\/\/gtsindustry.eu\/de\/wp-json\/wp\/v2\/pages\/250\/revisions"}],"predecessor-version":[{"id":1213,"href":"https:\/\/gtsindustry.eu\/de\/wp-json\/wp\/v2\/pages\/250\/revisions\/1213"}],"wp:attachment":[{"href":"https:\/\/gtsindustry.eu\/de\/wp-json\/wp\/v2\/media?parent=250"}],"curies":[{"name":"wp","href":"https:\/\/api.w.org\/{rel}","templated":true}]}}