{"id":256,"date":"2021-05-07T00:27:43","date_gmt":"2021-05-06T22:27:43","guid":{"rendered":"https:\/\/gtsindustry.eu\/?page_id=256"},"modified":"2021-07-27T09:12:52","modified_gmt":"2021-07-27T07:12:52","slug":"gekauftes-material","status":"publish","type":"page","link":"https:\/\/gtsindustry.eu\/de\/gekauftes-material\/","title":{"rendered":"Gekauftes | Material"},"content":{"rendered":"\n<p>Wir kaufen verschiedene Arten von Hartmetallwerkzeugen, insbesondere von Partnern aus den\nStra\u00dfenbau, Fundamentbohren, Recycling, Berg- und Tunnelbau weltweit. Wir kaufen derzeit aus 27\nL\u00e4ndern auf der ganzen Welt. Wir verarbeiten und recyceln das eingekaufte Material in unseren\neigenen Werken in der Tschechischen Republik, damit es in Form von reinen Metallen in die\nProduktion neuer Maschinen und Ger\u00e4te zur\u00fcckkehren kann. Sie k\u00f6nnen mit uns ganz klar dazu\nbeitragen, die mit ihrem weiteren Abbau verbundene Umweltbelastung zu reduzieren.<\/p>\n\n\n\n<h2 class=\"h1 wp-block-heading\">Wo wir einkaufen<\/h2>\n\n\n\n<figure class=\"wp-block-gallery columns-1 wp-block-gallery-1 is-layout-flex wp-block-gallery-is-layout-flex\"><ul class=\"blocks-gallery-grid\"><li class=\"blocks-gallery-item\"><figure><a href=\"https:\/\/gtsindustry.eu\/wp-content\/uploads\/2021\/06\/mapa-2.jpg\"><img loading=\"lazy\" decoding=\"async\" width=\"600\" height=\"303\" src=\"https:\/\/gtsindustry.eu\/wp-content\/uploads\/2021\/06\/mapa-2-600x303.jpg\" alt=\"\" data-id=\"672\" data-full-url=\"https:\/\/gtsindustry.eu\/wp-content\/uploads\/2021\/06\/mapa-2.jpg\" data-link=\"https:\/\/gtsindustry.eu\/co-vykupujeme\/mapa-2\/\" class=\"wp-image-672\" srcset=\"https:\/\/gtsindustry.eu\/wp-content\/uploads\/2021\/06\/mapa-2-600x303.jpg 600w, https:\/\/gtsindustry.eu\/wp-content\/uploads\/2021\/06\/mapa-2-300x151.jpg 300w, https:\/\/gtsindustry.eu\/wp-content\/uploads\/2021\/06\/mapa-2-768x387.jpg 768w, https:\/\/gtsindustry.eu\/wp-content\/uploads\/2021\/06\/mapa-2-1536x774.jpg 1536w, https:\/\/gtsindustry.eu\/wp-content\/uploads\/2021\/06\/mapa-2.jpg 1785w\" sizes=\"auto, (max-width: 600px) 100vw, 600px\" \/><\/a><\/figure><\/li><\/ul><\/figure>\n\n\n\n<p>Wir kaufen Recyclingmaterial in 27 L\u00e4ndern auf der ganzen Welt und bauen unsere globale Reichweite\nst\u00e4ndig aus. Wir k\u00f6nnen Ihr Material \u00fcberall auf der Welt abholen.<\/p>\n\n\n\n<p class=\"mt-5 mb-5\"><a href=\"#poptavka\" class=\"btn btn-secondary btn-lg text-uppercase scroll-to\">Kaufpreisanfrage<\/a><\/p>\n\n\n\n<h2 class=\"h1 wp-block-heading\">GTS Recycling-Programm<\/h2>\n\n\n\n<p>Durch eine langfristige Beteiligung am GTS-Recyclingprogramm Sie:<\/p>\n\n\n\n<ul class=\"wp-block-list\"><li>k\u00f6nnen zum Umweltschutz beitragen<\/li><li>erhalten den h\u00f6chstm\u00f6glichen Wert f\u00fcr Ihr Abfallmaterial<\/li><li>m\u00fcssen sich um nichts k\u00fcmmern, wir organisieren den Abtransport des Materials und erledigen alle Formalit\u00e4ten<\/li><\/ul>\n\n\n\n<figure class=\"wp-block-gallery columns-1 is-cropped wp-block-gallery-2 is-layout-flex wp-block-gallery-is-layout-flex\"><ul class=\"blocks-gallery-grid\"><li class=\"blocks-gallery-item\"><figure><a href=\"https:\/\/gtsindustry.eu\/wp-content\/uploads\/2021\/07\/GTS-Buy-Back-Scheme-web-de-1.jpg\"><img loading=\"lazy\" decoding=\"async\" width=\"600\" height=\"490\" src=\"https:\/\/gtsindustry.eu\/wp-content\/uploads\/2021\/07\/GTS-Buy-Back-Scheme-web-de-1-600x490.jpg\" alt=\"\" data-id=\"814\" data-full-url=\"https:\/\/gtsindustry.eu\/wp-content\/uploads\/2021\/07\/GTS-Buy-Back-Scheme-web-de-1.jpg\" data-link=\"https:\/\/gtsindustry.eu\/gekauftes-material\/gts-buy-back-scheme-web-de-1\/\" class=\"wp-image-814\" srcset=\"https:\/\/gtsindustry.eu\/wp-content\/uploads\/2021\/07\/GTS-Buy-Back-Scheme-web-de-1-600x490.jpg 600w, https:\/\/gtsindustry.eu\/wp-content\/uploads\/2021\/07\/GTS-Buy-Back-Scheme-web-de-1-300x245.jpg 300w, https:\/\/gtsindustry.eu\/wp-content\/uploads\/2021\/07\/GTS-Buy-Back-Scheme-web-de-1-768x627.jpg 768w, https:\/\/gtsindustry.eu\/wp-content\/uploads\/2021\/07\/GTS-Buy-Back-Scheme-web-de-1.jpg 1440w\" sizes=\"auto, (max-width: 600px) 100vw, 600px\" \/><\/a><\/figure><\/li><\/ul><\/figure>\n\n\n\n<p>Das GTS Recycling Programm ist ein umfassender Service, bei dem der Partner nur sein vereinbartes und\nbezahltes Material weitergibt. GTS &#8211; Global Tungsten Solution gew\u00e4hrleistet den Transport von gekauftem\nAltmaterial aus jedem Land der Welt.<\/p>\n\n\n\n<h2 class=\"h1 wp-block-heading\">Unsere Produktionsst\u00e4tten<\/h2>\n\n\n\n<p>Die eigentliche Verarbeitung und das Recycling erfolgt in unseren Werken in der Tschechischen Republik.<\/p>\n\n\n\n<figure class=\"wp-block-gallery columns-2 is-cropped wp-block-gallery-3 is-layout-flex wp-block-gallery-is-layout-flex\"><ul class=\"blocks-gallery-grid\"><li class=\"blocks-gallery-item\"><figure><img loading=\"lazy\" decoding=\"async\" width=\"554\" height=\"404\" src=\"https:\/\/gtsindustry.eu\/wp-content\/uploads\/2021\/04\/Zavod_Kladno.jpeg\" alt=\"\" data-id=\"169\" data-full-url=\"https:\/\/gtsindustry.eu\/wp-content\/uploads\/2021\/04\/Zavod_Kladno.jpeg\" data-link=\"https:\/\/gtsindustry.eu\/spolecnost\/zavod_kladno\/\" class=\"wp-image-169\" srcset=\"https:\/\/gtsindustry.eu\/wp-content\/uploads\/2021\/04\/Zavod_Kladno.jpeg 554w, https:\/\/gtsindustry.eu\/wp-content\/uploads\/2021\/04\/Zavod_Kladno-300x219.jpeg 300w\" sizes=\"auto, (max-width: 554px) 100vw, 554px\" \/><figcaption class=\"blocks-gallery-item__caption\">Produktionsst\u00e4tte &#8211; Kladno<\/figcaption><\/figure><\/li><li class=\"blocks-gallery-item\"><figure><img loading=\"lazy\" decoding=\"async\" width=\"555\" height=\"403\" src=\"https:\/\/gtsindustry.eu\/wp-content\/uploads\/2021\/04\/Zavod_Plzen.jpeg\" alt=\"\" data-id=\"171\" data-full-url=\"https:\/\/gtsindustry.eu\/wp-content\/uploads\/2021\/04\/Zavod_Plzen.jpeg\" data-link=\"https:\/\/gtsindustry.eu\/spolecnost\/zavod_plzen\/\" class=\"wp-image-171\" srcset=\"https:\/\/gtsindustry.eu\/wp-content\/uploads\/2021\/04\/Zavod_Plzen.jpeg 555w, https:\/\/gtsindustry.eu\/wp-content\/uploads\/2021\/04\/Zavod_Plzen-300x218.jpeg 300w\" sizes=\"auto, (max-width: 555px) 100vw, 555px\" \/><figcaption class=\"blocks-gallery-item__caption\">Produktionsst\u00e4tte &#8211; Plze\u0148<\/figcaption><\/figure><\/li><\/ul><\/figure>\n\n\n\n<p><\/p>\n\n\n\n<h2 class=\"h1 wp-block-heading\">Was wir kaufen<\/h2>\n\n\n\n<p>Wir kaufen verschiedene Arten von Hartmetallwerkzeugen, die beim Stra\u00dfenbau, Fundamentbohren,\nRecycling, Berg- und Tunnelbau verwendet werden. Zu den g\u00e4ngigsten Materialien geh\u00f6ren<\/p>\n","protected":false},"excerpt":{"rendered":"<p>Wir kaufen verschiedene Arten von Hartmetallwerkzeugen, insbesondere von Partnern aus den Stra\u00dfenbau, Fundamentbohren, Recycling, Berg- und Tunnelbau weltweit. Wir kaufen derzeit aus 27 L\u00e4ndern auf der ganzen Welt. Wir verarbeiten und recyceln das eingekaufte Material in unseren eigenen Werken in der Tschechischen Republik, damit es in Form von reinen Metallen in die Produktion neuer Maschinen [&hellip;]<\/p>\n","protected":false},"author":1,"featured_media":258,"parent":0,"menu_order":0,"comment_status":"closed","ping_status":"closed","template":"page-gallery.php","meta":{"_acf_changed":false,"footnotes":""},"class_list":["post-256","page","type-page","status-publish","has-post-thumbnail","hentry"],"acf":[],"_links":{"self":[{"href":"https:\/\/gtsindustry.eu\/de\/wp-json\/wp\/v2\/pages\/256","targetHints":{"allow":["GET"]}}],"collection":[{"href":"https:\/\/gtsindustry.eu\/de\/wp-json\/wp\/v2\/pages"}],"about":[{"href":"https:\/\/gtsindustry.eu\/de\/wp-json\/wp\/v2\/types\/page"}],"author":[{"embeddable":true,"href":"https:\/\/gtsindustry.eu\/de\/wp-json\/wp\/v2\/users\/1"}],"replies":[{"embeddable":true,"href":"https:\/\/gtsindustry.eu\/de\/wp-json\/wp\/v2\/comments?post=256"}],"version-history":[{"count":3,"href":"https:\/\/gtsindustry.eu\/de\/wp-json\/wp\/v2\/pages\/256\/revisions"}],"predecessor-version":[{"id":822,"href":"https:\/\/gtsindustry.eu\/de\/wp-json\/wp\/v2\/pages\/256\/revisions\/822"}],"wp:featuredmedia":[{"embeddable":true,"href":"https:\/\/gtsindustry.eu\/de\/wp-json\/wp\/v2\/media\/258"}],"wp:attachment":[{"href":"https:\/\/gtsindustry.eu\/de\/wp-json\/wp\/v2\/media?parent=256"}],"curies":[{"name":"wp","href":"https:\/\/api.w.org\/{rel}","templated":true}]}}