{"id":312,"date":"2021-06-03T10:40:29","date_gmt":"2021-06-03T08:40:29","guid":{"rendered":"https:\/\/gtsindustry.eu\/?page_id=312"},"modified":"2026-04-07T11:44:25","modified_gmt":"2026-04-07T09:44:25","slug":"home","status":"publish","type":"page","link":"https:\/\/gtsindustry.eu\/es\/","title":{"rendered":"Home"},"content":{"rendered":"\n<h2 class=\"wp-block-heading\">Tu residuo es tu beneficio<\/h2>\n\n\n\n<p>Participe en el programa de reciclaje GTS Industry. Contribuir\u00e1 a la protecci\u00f3n del medio ambiente y se beneficiar\u00e1 aumentando el valor de su material desgastado.<\/p>\n","protected":false},"excerpt":{"rendered":"<p>Tu residuo es tu beneficio Participe en el programa de reciclaje GTS Industry. Contribuir\u00e1 a la protecci\u00f3n del medio ambiente y se beneficiar\u00e1 aumentando el valor de su material desgastado.<\/p>\n","protected":false},"author":1,"featured_media":0,"parent":0,"menu_order":0,"comment_status":"closed","ping_status":"closed","template":"homepage.php","meta":{"_acf_changed":false,"footnotes":""},"class_list":["post-312","page","type-page","status-publish","hentry"],"acf":[],"_links":{"self":[{"href":"https:\/\/gtsindustry.eu\/es\/wp-json\/wp\/v2\/pages\/312","targetHints":{"allow":["GET"]}}],"collection":[{"href":"https:\/\/gtsindustry.eu\/es\/wp-json\/wp\/v2\/pages"}],"about":[{"href":"https:\/\/gtsindustry.eu\/es\/wp-json\/wp\/v2\/types\/page"}],"author":[{"embeddable":true,"href":"https:\/\/gtsindustry.eu\/es\/wp-json\/wp\/v2\/users\/1"}],"replies":[{"embeddable":true,"href":"https:\/\/gtsindustry.eu\/es\/wp-json\/wp\/v2\/comments?post=312"}],"version-history":[{"count":5,"href":"https:\/\/gtsindustry.eu\/es\/wp-json\/wp\/v2\/pages\/312\/revisions"}],"predecessor-version":[{"id":1179,"href":"https:\/\/gtsindustry.eu\/es\/wp-json\/wp\/v2\/pages\/312\/revisions\/1179"}],"wp:attachment":[{"href":"https:\/\/gtsindustry.eu\/es\/wp-json\/wp\/v2\/media?parent=312"}],"curies":[{"name":"wp","href":"https:\/\/api.w.org\/{rel}","templated":true}]}}