{"id":339,"date":"2021-06-07T11:38:08","date_gmt":"2021-06-07T09:38:08","guid":{"rendered":"https:\/\/gtsindustry.eu\/?page_id=339"},"modified":"2026-04-07T12:04:08","modified_gmt":"2026-04-07T10:04:08","slug":"empresa","status":"publish","type":"page","link":"https:\/\/gtsindustry.eu\/es\/empresa\/","title":{"rendered":"GTS | Industry"},"content":{"rendered":"<div class=\"wp-block-image is-resized\">\n<figure class=\"alignright size-full\"><img loading=\"lazy\" decoding=\"async\" width=\"600\" height=\"450\" src=\"https:\/\/gtsindustry.eu\/wp-content\/uploads\/2025\/05\/AFI-Vokovice.jpg\" alt=\"\" class=\"wp-image-1018\" srcset=\"https:\/\/gtsindustry.eu\/wp-content\/uploads\/2025\/05\/AFI-Vokovice.jpg 600w, https:\/\/gtsindustry.eu\/wp-content\/uploads\/2025\/05\/AFI-Vokovice-300x225.jpg 300w\" sizes=\"auto, (max-width: 600px) 100vw, 600px\" \/><\/figure>\n<\/div>\n\n\n<p><strong>GTS Industry<\/strong> es una de las mayores empresas compradoras, procesadoras y recicladoras de repuestos y herramientas de m\u00e1quinas de metal duro usadas. Al reciclar materiales desgastados, producimos metales puros que se reincorporan completamente en la producci\u00f3n de nuevas herramientas, contribuyendo as\u00ed a reducir el impacto ambiental asociado a la miner\u00eda de mineral de hierro y tungsteno.<\/p>\n\n\n\n<p><strong>Estamos ampliando nuestras actividades para incluir la fabricaci\u00f3n y venta directa de nuestras propias puntas fresadoras para carreteras.<\/strong> Nuestras puntas est\u00e1n dise\u00f1adas con \u00e9nfasis en la durabilidad, el rendimiento y una larga vida \u00fatil, y se fabrican utilizando materiales de alta calidad, incluido el metal duro reciclado. Con nuestra amplia experiencia en la compra y reciclaje, sabemos exactamente lo que las m\u00e1quinas en el campo requieren y podemos ofrecer una alternativa competitiva a las marcas tradicionales.<\/p>\n\n\n\n<p>En 2016, GTS Industry continu\u00f3 las actividades de CNL Holding, especializ\u00e1ndose completamente en el reciclaje de carburo de tungsteno, y acumulando as\u00ed m\u00e1s de 20 a\u00f1os de experiencia en el reciclaje de materiales en 27 pa\u00edses de todo el mundo. La misi\u00f3n de la empresa es contribuir a la protecci\u00f3n del medio ambiente mediante el reciclaje m\u00e1ximo e involucrar al mayor n\u00famero posible de socios en su programa de reciclaje, especialmente en los sectores de construcci\u00f3n de carreteras, cimentaciones, miner\u00eda y construcci\u00f3n de t\u00faneles a nivel mundial.<\/p>\n\n\n\n<p>La nueva punta fresadora <strong>GTS<\/strong> est\u00e1 optimizada para condiciones exigentes en el fresado de pavimentos de asfalto y hormig\u00f3n. Presenta alta resistencia al desgaste, corte preciso y larga vida \u00fatil, lo que garantiza un rendimiento fiable incluso bajo uso intensivo. Gracias a nuestro desarrollo interno y al enfoque en la calidad del material, representa una opci\u00f3n ideal para las empresas viales que buscan soluciones eficientes y competitivas.<\/p>\n\n\n\n<h2 class=\"wp-block-heading h1\">Obtenga un certificado de gesti\u00f3n ecol\u00f3gica de residuos<\/h2>\n\n\n\n<p>Al participar en el programa de reciclaje de GTS Industry, recibir\u00e1 un certificado emitido por una autoridad de certificaci\u00f3n reconocida a nivel mundial que confirma la gesti\u00f3n ecol\u00f3gica de los residuos en su empresa, de acuerdo con los requisitos y normas europeas y globales.<\/p>\n\n\n\n<h2 class=\"wp-block-heading h1\">M\u00e1s dinero por sus residuos y sin preocupaciones<\/h2>\n\n\n\n<p>Con su enfoque ecol\u00f3gico, obtendr\u00e1 el mayor valor posible por su material de desecho y nosotros nos encargamos de la recogida y de completar todos los tr\u00e1mites. El Programa de Reciclaje de GTS es un servicio integral donde el socio solo entrega el material acordado y pagado. GTS Industry garantiza el transporte del material desgastado comprado desde cualquier pa\u00eds del mundo. El reciclaje en s\u00ed se realiza en nuestras propias plantas en la Rep\u00fablica Checa.<\/p>\n\n\n\n<p class=\"mt-5 mb-5\"><a href=\"#poptavka\" class=\"btn btn-secondary btn-lg text-uppercase scroll-to\">Solicitud de precio<\/a><\/p>\n\n\n\n<h2 class=\"wp-block-heading h1\">Socio certificado y fiable<\/h2>\n\n\n\n<p>GTS Industry cuenta con un sistema de gesti\u00f3n de seguridad, salud y medio ambiente establecido de acuerdo con las normas ISO pertinentes y la legislaci\u00f3n correspondiente. Tambi\u00e9n dispone de todas las certificaciones, certificados y permisos necesarios, tanto a nombre de la empresa como para los diferentes tipos de producci\u00f3n, mantenimiento de maquinaria y formaci\u00f3n de empleados conforme a las normas internacionales.<\/p>\n\n\n\n<figure class=\"wp-block-gallery has-nested-images columns-default columns-3 mb-5 wp-block-gallery-1 is-layout-flex wp-block-gallery-is-layout-flex\">\n<figure class=\"wp-block-image size-medium\"><a href=\"https:\/\/gtsindustry.eu\/wp-content\/uploads\/2026\/04\/Certifikate-GTS-Industry-ISO-450012018-6-scaled.jpg\"><img loading=\"lazy\" decoding=\"async\" width=\"212\" height=\"300\" data-id=\"1198\" src=\"https:\/\/gtsindustry.eu\/wp-content\/uploads\/2026\/04\/Certifikate-GTS-Industry-ISO-450012018-6-212x300.jpg\" alt=\"\" class=\"wp-image-1198\" srcset=\"https:\/\/gtsindustry.eu\/wp-content\/uploads\/2026\/04\/Certifikate-GTS-Industry-ISO-450012018-6-212x300.jpg 212w, https:\/\/gtsindustry.eu\/wp-content\/uploads\/2026\/04\/Certifikate-GTS-Industry-ISO-450012018-6-424x600.jpg 424w, https:\/\/gtsindustry.eu\/wp-content\/uploads\/2026\/04\/Certifikate-GTS-Industry-ISO-450012018-6-768x1086.jpg 768w, https:\/\/gtsindustry.eu\/wp-content\/uploads\/2026\/04\/Certifikate-GTS-Industry-ISO-450012018-6-1086x1536.jpg 1086w, https:\/\/gtsindustry.eu\/wp-content\/uploads\/2026\/04\/Certifikate-GTS-Industry-ISO-450012018-6-1448x2048.jpg 1448w, https:\/\/gtsindustry.eu\/wp-content\/uploads\/2026\/04\/Certifikate-GTS-Industry-ISO-450012018-6-scaled.jpg 1810w\" sizes=\"auto, (max-width: 212px) 100vw, 212px\" \/><\/a><\/figure>\n\n\n\n<figure class=\"wp-block-image size-medium\"><a href=\"https:\/\/gtsindustry.eu\/wp-content\/uploads\/2026\/04\/Certifikate-GTS-Industry-ISO-140012015-6-scaled.jpg\"><img loading=\"lazy\" decoding=\"async\" width=\"212\" height=\"300\" data-id=\"1197\" src=\"https:\/\/gtsindustry.eu\/wp-content\/uploads\/2026\/04\/Certifikate-GTS-Industry-ISO-140012015-6-212x300.jpg\" alt=\"\" class=\"wp-image-1197\" srcset=\"https:\/\/gtsindustry.eu\/wp-content\/uploads\/2026\/04\/Certifikate-GTS-Industry-ISO-140012015-6-212x300.jpg 212w, https:\/\/gtsindustry.eu\/wp-content\/uploads\/2026\/04\/Certifikate-GTS-Industry-ISO-140012015-6-424x600.jpg 424w, https:\/\/gtsindustry.eu\/wp-content\/uploads\/2026\/04\/Certifikate-GTS-Industry-ISO-140012015-6-768x1086.jpg 768w, https:\/\/gtsindustry.eu\/wp-content\/uploads\/2026\/04\/Certifikate-GTS-Industry-ISO-140012015-6-1086x1536.jpg 1086w, https:\/\/gtsindustry.eu\/wp-content\/uploads\/2026\/04\/Certifikate-GTS-Industry-ISO-140012015-6-1448x2048.jpg 1448w, https:\/\/gtsindustry.eu\/wp-content\/uploads\/2026\/04\/Certifikate-GTS-Industry-ISO-140012015-6-scaled.jpg 1810w\" sizes=\"auto, (max-width: 212px) 100vw, 212px\" \/><\/a><\/figure>\n\n\n\n<figure class=\"wp-block-image size-medium\"><a href=\"https:\/\/gtsindustry.eu\/wp-content\/uploads\/2026\/04\/Certifikate-GTS-Industry-ISO-90012015-6-scaled.jpg\"><img loading=\"lazy\" decoding=\"async\" width=\"212\" height=\"300\" data-id=\"1196\" src=\"https:\/\/gtsindustry.eu\/wp-content\/uploads\/2026\/04\/Certifikate-GTS-Industry-ISO-90012015-6-212x300.jpg\" alt=\"\" class=\"wp-image-1196\" srcset=\"https:\/\/gtsindustry.eu\/wp-content\/uploads\/2026\/04\/Certifikate-GTS-Industry-ISO-90012015-6-212x300.jpg 212w, https:\/\/gtsindustry.eu\/wp-content\/uploads\/2026\/04\/Certifikate-GTS-Industry-ISO-90012015-6-424x600.jpg 424w, https:\/\/gtsindustry.eu\/wp-content\/uploads\/2026\/04\/Certifikate-GTS-Industry-ISO-90012015-6-768x1086.jpg 768w, https:\/\/gtsindustry.eu\/wp-content\/uploads\/2026\/04\/Certifikate-GTS-Industry-ISO-90012015-6-1086x1536.jpg 1086w, https:\/\/gtsindustry.eu\/wp-content\/uploads\/2026\/04\/Certifikate-GTS-Industry-ISO-90012015-6-1448x2048.jpg 1448w, https:\/\/gtsindustry.eu\/wp-content\/uploads\/2026\/04\/Certifikate-GTS-Industry-ISO-90012015-6-scaled.jpg 1810w\" sizes=\"auto, (max-width: 212px) 100vw, 212px\" \/><\/a><\/figure>\n<\/figure>\n\n\n\n<h2 class=\"wp-block-heading h1\">Seguimos creciendo. \u00a1\u00danete a nuestro equipo en expansi\u00f3n!<\/h2>\n\n\n\n<p>Somos un equipo de personas activas que creemos plenamente en nuestra visi\u00f3n. Queremos hacer algo por un mundo mejor y hacerlo de manera que tenga un beneficio comercial claro y duradero. En 27 pa\u00edses de todo el mundo, compramos material desgastado de carburo de tungsteno, lo reciclamos en metales puros y lo devolvemos al proceso de fabricaci\u00f3n de nuevas m\u00e1quinas y herramientas.<\/p>\n\n\n\n<p>Los 27 pa\u00edses en los que operamos son pocos. Estamos ampliando nuestras actividades en estos pa\u00edses, pero tambi\u00e9n estamos a\u00f1adiendo otros. \u00bfQuieres participar en la mejora del medio ambiente que nos rodea y al mismo tiempo conseguir resultados comerciales interesantes? \u00bfEres una persona activa, te gusta viajar y no quieres pasar la mayor parte del tiempo en la oficina?<\/p>\n\n\n\n<p class=\"has-large-font-size\">Representante de Ventas Regional<\/p>\n\n\n\n<p>\u00a1\u00danete a nosotros y ampl\u00eda nuestro equipo de ventas como Representante de Ventas Regional! S\u00e9 responsable de nuestras actividades en tu pa\u00eds. No importa cu\u00e1nta experiencia tengas, sino cu\u00e1nta energ\u00eda pongamos en ello. Creemos plenamente en el sentido de nuestro trabajo, por lo que podemos apoyar a cualquiera que se sume al 100% con nosotros.<\/p>\n\n\n\n<p>Escr\u00edbenos tu idea de cooperaci\u00f3n a <a href=\"mailto:info@gtsindustry.eu\" target=\"_blank\" rel=\"noreferrer noopener\">info@gtsindustry.eu<\/a> y te contaremos m\u00e1s en persona.<\/p>\n","protected":false},"excerpt":{"rendered":"<p>GTS Industry es una de las mayores empresas compradoras, procesadoras y recicladoras de repuestos y herramientas de m\u00e1quinas de metal duro usadas. Al reciclar materiales desgastados, producimos metales puros que se reincorporan completamente en la producci\u00f3n de nuevas herramientas, contribuyendo as\u00ed a reducir el impacto ambiental asociado a la miner\u00eda de mineral de hierro y [&hellip;]<\/p>\n","protected":false},"author":1,"featured_media":0,"parent":0,"menu_order":0,"comment_status":"closed","ping_status":"closed","template":"","meta":{"_acf_changed":false,"footnotes":""},"class_list":["post-339","page","type-page","status-publish","hentry"],"acf":[],"_links":{"self":[{"href":"https:\/\/gtsindustry.eu\/es\/wp-json\/wp\/v2\/pages\/339","targetHints":{"allow":["GET"]}}],"collection":[{"href":"https:\/\/gtsindustry.eu\/es\/wp-json\/wp\/v2\/pages"}],"about":[{"href":"https:\/\/gtsindustry.eu\/es\/wp-json\/wp\/v2\/types\/page"}],"author":[{"embeddable":true,"href":"https:\/\/gtsindustry.eu\/es\/wp-json\/wp\/v2\/users\/1"}],"replies":[{"embeddable":true,"href":"https:\/\/gtsindustry.eu\/es\/wp-json\/wp\/v2\/comments?post=339"}],"version-history":[{"count":5,"href":"https:\/\/gtsindustry.eu\/es\/wp-json\/wp\/v2\/pages\/339\/revisions"}],"predecessor-version":[{"id":1231,"href":"https:\/\/gtsindustry.eu\/es\/wp-json\/wp\/v2\/pages\/339\/revisions\/1231"}],"wp:attachment":[{"href":"https:\/\/gtsindustry.eu\/es\/wp-json\/wp\/v2\/media?parent=339"}],"curies":[{"name":"wp","href":"https:\/\/api.w.org\/{rel}","templated":true}]}}