{"id":363,"date":"2021-06-07T13:20:52","date_gmt":"2021-06-07T11:20:52","guid":{"rendered":"https:\/\/gtsindustry.eu\/?page_id=363"},"modified":"2021-06-07T14:03:36","modified_gmt":"2021-06-07T12:03:36","slug":"material-que-compramos","status":"publish","type":"page","link":"https:\/\/gtsindustry.eu\/es\/material-que-compramos\/","title":{"rendered":"Material | que compramos"},"content":{"rendered":"\n<p>Compramos diferentes tipos de herramientas de carburo de tungsteno, sobre todo de clientes en el sector de la construcci\u00f3n de carreteras y cimientos, reciclaje, miner\u00eda y construcci\u00f3n de t\u00faneles en todo el mundo.<\/p>\n\n\n\n<h2 class=\"h1 wp-block-heading\"><\/h2>\n","protected":false},"excerpt":{"rendered":"<p>Compramos diferentes tipos de herramientas de carburo de tungsteno, sobre todo de clientes en el sector de la construcci\u00f3n de carreteras y cimientos, reciclaje, miner\u00eda y construcci\u00f3n de t\u00faneles en todo el mundo.<\/p>\n","protected":false},"author":1,"featured_media":365,"parent":0,"menu_order":0,"comment_status":"closed","ping_status":"closed","template":"page-gallery.php","meta":{"_acf_changed":false,"footnotes":""},"class_list":["post-363","page","type-page","status-publish","has-post-thumbnail","hentry"],"acf":[],"_links":{"self":[{"href":"https:\/\/gtsindustry.eu\/es\/wp-json\/wp\/v2\/pages\/363","targetHints":{"allow":["GET"]}}],"collection":[{"href":"https:\/\/gtsindustry.eu\/es\/wp-json\/wp\/v2\/pages"}],"about":[{"href":"https:\/\/gtsindustry.eu\/es\/wp-json\/wp\/v2\/types\/page"}],"author":[{"embeddable":true,"href":"https:\/\/gtsindustry.eu\/es\/wp-json\/wp\/v2\/users\/1"}],"replies":[{"embeddable":true,"href":"https:\/\/gtsindustry.eu\/es\/wp-json\/wp\/v2\/comments?post=363"}],"version-history":[{"count":0,"href":"https:\/\/gtsindustry.eu\/es\/wp-json\/wp\/v2\/pages\/363\/revisions"}],"wp:featuredmedia":[{"embeddable":true,"href":"https:\/\/gtsindustry.eu\/es\/wp-json\/wp\/v2\/media\/365"}],"wp:attachment":[{"href":"https:\/\/gtsindustry.eu\/es\/wp-json\/wp\/v2\/media?parent=363"}],"curies":[{"name":"wp","href":"https:\/\/api.w.org\/{rel}","templated":true}]}}